{"id":562,"date":"2021-06-16T10:38:08","date_gmt":"2021-06-16T10:38:08","guid":{"rendered":"https:\/\/13.229.180.241\/?page_id=562"},"modified":"2023-10-31T10:05:46","modified_gmt":"2023-10-31T10:05:46","slug":"about-us","status":"publish","type":"page","link":"https:\/\/eraiasia.com\/fr\/a-propos-de-nous\/","title":{"rendered":"About us ERAI"},"content":{"rendered":"<section class=\"content-section\" ><div class=\"container\"><div class=\"vc_row wpb_row vc_row-fluid\"><div class=\"wpb_column vc_column_container vc_col-sm-12\"><div class=\"vc_column-inner\"><div class=\"wpb_wrapper\">\n\t<div class=\"wpb_text_column wpb_content_element  vc_custom_1631076374661\" >\n\t\t<div class=\"wpb_wrapper\">\n\t\t\t<h2><span style=\"text-decoration: underline #e83d44; font-size: 36pt;\">Who are we?<\/span><\/h2>\n\n\t\t<\/div>\n\t<\/div>\n<\/div><\/div><\/div><div class=\"wpb_column vc_column_container vc_col-sm-6\"><div class=\"vc_column-inner\"><div class=\"wpb_wrapper\">\n\t<div class=\"wpb_text_column wpb_content_element\" >\n\t\t<div class=\"wpb_wrapper\">\n\t\t\t<p>ERAI Asia prioritizes quality as we believe in strong and long-term partnerships. Each of us strives for better quality and service excellence in every action we take to deliver our best to our partners and clients.<\/p>\n<p>We operate in 11 countries with over 150+ business partners by a team of 40+ members to serve the needs of businesses. The world is changing rapidly and the ERAI Asia team constantly innovates to adapt our business solutions to this \u201cNew Normal\u201d.<\/p>\n\n\t\t<\/div>\n\t<\/div>\n<\/div><\/div><\/div><div class=\"wpb_column vc_column_container vc_col-sm-6\"><div class=\"vc_column-inner\"><div class=\"wpb_wrapper\">\n\t<div  class=\"wpb_single_image wpb_content_element vc_align_center\">\n\t\t\n\t\t<figure class=\"wpb_wrapper vc_figure\">\n\t\t\t<div class=\"vc_single_image-wrapper   vc_box_border_grey\"><img width=\"600\" height=\"330\" src=\"https:\/\/eraiasia.com\/wp-content\/uploads\/2021\/08\/about-us-1-opt-1.jpg\" class=\"vc_single_image-img attachment-full\" alt=\"\" loading=\"lazy\" srcset=\"https:\/\/eraiasia.com\/wp-content\/uploads\/2021\/08\/about-us-1-opt-1.jpg 600w, https:\/\/eraiasia.com\/wp-content\/uploads\/2021\/08\/about-us-1-opt-1-300x165.jpg 300w, https:\/\/eraiasia.com\/wp-content\/uploads\/2021\/08\/about-us-1-opt-1-125x69.jpg 125w, https:\/\/eraiasia.com\/wp-content\/uploads\/2021\/08\/about-us-1-opt-1-75x41.jpg 75w\" sizes=\"(max-width: 600px) 100vw, 600px\" \/><\/div>\n\t\t<\/figure>\n\t<\/div>\n<\/div><\/div><\/div><\/div><\/div><\/section><section class=\"content-section\" style=\"background-color: #17457d;\"><div class=\"container\"><div class=\"vc_row wpb_row vc_row-fluid\"><div class=\"wpb_column vc_column_container vc_col-sm-12\"><div class=\"vc_column-inner\"><div class=\"wpb_wrapper\">\n\t<div class=\"wpb_text_column wpb_content_element  vc_custom_1625585971430\" >\n\t\t<div class=\"wpb_wrapper\">\n\t\t\t<h2><span style=\"text-decoration: underline #e83d44; font-size: 36pt; color: #ffffff;\">ERAI ASIA selon Aymeric Pons<\/span><\/h2>\n\n\t\t<\/div>\n\t<\/div>\n<\/div><\/div><\/div><div class=\"wpb_column vc_column_container vc_col-sm-6\"><div class=\"vc_column-inner\"><div class=\"wpb_wrapper\">\n\t<div  class=\"wpb_single_image wpb_content_element vc_align_center\">\n\t\t\n\t\t<figure class=\"wpb_wrapper vc_figure\">\n\t\t\t<div class=\"vc_single_image-wrapper   vc_box_border_grey\"><img width=\"600\" height=\"340\" src=\"https:\/\/eraiasia.com\/wp-content\/uploads\/2021\/07\/APons_opt.jpg\" class=\"vc_single_image-img attachment-full\" alt=\"\" loading=\"lazy\" srcset=\"https:\/\/eraiasia.com\/wp-content\/uploads\/2021\/07\/APons_opt.jpg 600w, https:\/\/eraiasia.com\/wp-content\/uploads\/2021\/07\/APons_opt-300x170.jpg 300w\" sizes=\"(max-width: 600px) 100vw, 600px\" \/><\/div>\n\t\t<\/figure>\n\t<\/div>\n<\/div><\/div><\/div><div class=\"wpb_column vc_column_container vc_col-sm-6\"><div class=\"vc_column-inner\"><div class=\"wpb_wrapper\">\n\t<div class=\"wpb_text_column wpb_content_element\" >\n\t\t<div class=\"wpb_wrapper\">\n\t\t\t<p style=\"text-align: justify;\"><span style=\"color: #ffffff;\">\u00ab Avec une forte pr\u00e9sence en Asie du Sud-Est, \u00e0 ERAI Asia, nous continuons \u00e0 construire les succ\u00e8s de nos partenaires gr\u00e2ce \u00e0 notre vision claire, nos valeurs communes et \u00e0 la qualit\u00e9 de nos collaborateurs.<\/span><\/p>\n<p style=\"text-align: justify;\"><span style=\"color: #ffffff;\">Nous avons travaill\u00e9 avec plus de 250 entreprises de 15 pays diff\u00e9rents, des start-ups aux multinationales dans tous les secteurs. Nous aidons les entreprises \u00e0 surmonter leurs d\u00e9fis de croissance.<\/span><\/p>\n<p style=\"text-align: justify;\"><span style=\"color: #ffffff;\">Nous nous adaptons \u00e0 toutes les industries en aidant nos partenaires \u00e0 r\u00e9aliser leurs aspirations en Asie du Sud-Est. Nous les aidons \u00e0 s'implanter et cro\u00eetre gr\u00e2ce \u00e0 un \u00e9ventail de services sur mesure et \u00e9quipe locale et internationale exp\u00e9riment\u00e9e.<\/span><\/p>\n<p style=\"text-align: justify;\"><span style=\"color: #ffffff;\">Nous avons gagn\u00e9 la confiance de grandes organisations gouvernementales du monde entier gr\u00e2ce \u00e0 notre vision et \u00e0 notre volont\u00e9 d'aller toujours plus loin, ensemble.<\/span><\/p>\n<p style=\"text-align: right;\"><span style=\"color: #ffffff;\">\u2013 Aymeric Pons, PDG ERAI Asia<\/span><\/p>\n\n\t\t<\/div>\n\t<\/div>\n<\/div><\/div><\/div><\/div><\/div><\/section><section class=\"content-section\" ><div class=\"container\"><div class=\"vc_row wpb_row vc_row-fluid\"><div class=\"wpb_column vc_column_container vc_col-sm-12\"><div class=\"vc_column-inner\"><div class=\"wpb_wrapper\"><div class=\"vc_row wpb_row vc_inner vc_row-fluid\"><div class=\"wpb_column vc_column_container vc_col-sm-12\"><div class=\"vc_column-inner\"><div class=\"wpb_wrapper\">\n\t<div class=\"wpb_text_column wpb_content_element  vc_custom_1624560155114\" >\n\t\t<div class=\"wpb_wrapper\">\n\t\t\t<h2><span style=\"text-decoration: underline #e83d44; font-size: 36pt;\">Pourquoi nous choisir<\/span><\/h2>\n\n\t\t<\/div>\n\t<\/div>\n<\/div><\/div><\/div><\/div><div class=\"vc_row wpb_row vc_inner vc_row-fluid\"><div class=\"wpb_column vc_column_container vc_col-sm-6 vc_col-md-4\"><div class=\"vc_column-inner\"><div class=\"wpb_wrapper\">\n\n\n<div class=\"core-values-box\" >\n  <figure> <img src=\"https:\/\/eraiasia.com\/wp-content\/uploads\/2021\/07\/ERAI-icon_why-us-suported-250-companies-big.png\" alt=\"ERAI-icon_why-us-suported-250-companies-big\"> <\/figure>\n    <p>Nous avons soutenu plus de 250 entreprises dans tous les grands secteurs d'activit\u00e9<\/p> <\/div>\n<\/div><\/div><\/div><div class=\"wpb_column vc_column_container vc_col-sm-6 vc_col-md-4\"><div class=\"vc_column-inner\"><div class=\"wpb_wrapper\">\n\n\n<div class=\"core-values-box\" >\n  <figure> <img src=\"https:\/\/eraiasia.com\/wp-content\/uploads\/2021\/07\/ERAI-icon_why-us-customer-satisfy-big.png\" alt=\"ERAI-icon_why-us-customer-satisfy-big\"> <\/figure>\n    <p>95 % de nos clients ont \u00e9t\u00e9 \u00ab tr\u00e8s satisfaits \u00bb de la qualit\u00e9 de nos services<\/p> <\/div>\n<\/div><\/div><\/div><div class=\"wpb_column vc_column_container vc_col-sm-6 vc_col-md-4\"><div class=\"vc_column-inner\"><div class=\"wpb_wrapper\">\n\n\n<div class=\"core-values-box\" >\n  <figure> <img src=\"https:\/\/eraiasia.com\/wp-content\/uploads\/2021\/07\/ERAI-icon_why-us-target-big.png\" alt=\"ERAI-icon_why-us-target-big\"> <\/figure>\n    <p>Nous soutenons vos projets et vous aidons \u00e0 mettre en place votre strat\u00e9gie pour atteindre vos objectifs en ASEAN<\/p> <\/div>\n<\/div><\/div><\/div><div class=\"wpb_column vc_column_container vc_col-sm-6 vc_col-md-4\"><div class=\"vc_column-inner\"><div class=\"wpb_wrapper\">\n\n\n<div class=\"core-values-box\" >\n  <figure> <img src=\"https:\/\/eraiasia.com\/wp-content\/uploads\/2021\/07\/ERAI-icon_why-us-regional-partner-big.png\" alt=\"ERAI-icon_why-us-regional-partner-big\"> <\/figure>\n    <p>Nous avons construit un r\u00e9seau de plus de 150 partenaires r\u00e9gionaux pour vous soutenir partout<\/p> <\/div>\n<\/div><\/div><\/div><div class=\"wpb_column vc_column_container vc_col-sm-6 vc_col-md-4\"><div class=\"vc_column-inner\"><div class=\"wpb_wrapper\">\n\n\n<div class=\"core-values-box\" >\n  <figure> <img src=\"https:\/\/eraiasia.com\/wp-content\/uploads\/2021\/07\/ERAI-icon_why-us-multi-cultural-team-big.png\" alt=\"ERAI-icon_why-us-multi-cultural-team-big\"> <\/figure>\n    <p>Notre \u00e9quipe multiculturelle fait le lien entre les partenaires occidentaux et d'ASEAN<\/p> <\/div>\n<\/div><\/div><\/div><div class=\"wpb_column vc_column_container vc_col-sm-6 vc_col-md-4\"><div class=\"vc_column-inner\"><div class=\"wpb_wrapper\">\n\n\n<div class=\"core-values-box\" >\n  <figure> <img src=\"https:\/\/eraiasia.com\/wp-content\/uploads\/2021\/07\/ERAI-icon_why-us-trusted-by-big.png\" alt=\"ERAI-icon_why-us-trusted-by-big\"> <\/figure>\n    <p>Les agences gouvernementales les plus exigeantes nous font confiance (Switzerland Global Enterprise, Business Finland, etc.)<\/p> <\/div>\n<\/div><\/div><\/div><\/div><\/div><\/div><\/div><\/div><\/div><\/section><section class=\"content-section no-spacing\" ><div class=\"container\"><div class=\"vc_row wpb_row vc_row-fluid\"><div class=\"wpb_column vc_column_container vc_col-sm-12\"><div class=\"vc_column-inner\"><div class=\"wpb_wrapper\">\n\t<div class=\"wpb_text_column wpb_content_element  vc_custom_1624560133131\" >\n\t\t<div class=\"wpb_wrapper\">\n\t\t\t<h2><span style=\"text-decoration: underline #e83d44; font-size: 36pt;\">Notre histoire<\/span><\/h2>\n\n\t\t<\/div>\n\t<\/div>\n<\/div><\/div><\/div><\/div><\/div><\/section><section class=\"content-section no-spacing\" ><div class=\"vc_row wpb_row vc_row-fluid vc_custom_1625586164231\"><div class=\"wpb_column vc_column_container vc_col-sm-12\"><div class=\"vc_column-inner\"><div class=\"wpb_wrapper\"><div class=\"vc_row wpb_row vc_inner vc_row-fluid\"><div class=\"wpb_column vc_column_container vc_col-sm-12\"><div class=\"vc_column-inner vc_custom_1593202800076\"><div class=\"wpb_wrapper\"><div class=\"our-history\" >\n  <div class=\"swiper-wrapper\">\n            <div class=\"swiper-slide\">\n            <b>1987<\/b>\n            <figure><img src=\"https:\/\/eraiasia.com\/wp-content\/uploads\/2021\/08\/History-1-opt.jpg\" alt=\"Lyon, FRANCE, cr\u00e9ation d&#039;Erai association\"><\/figure>\n            <p>Lyon, FRANCE, cr\u00e9ation d'Erai association<\/p>\n          <\/div>\n                <div class=\"swiper-slide\">\n            <b>2009<\/b>\n            <figure><img src=\"https:\/\/eraiasia.com\/wp-content\/uploads\/2021\/08\/History-2-opt.jpg\" alt=\"Saigon,VIETNAM, cr\u00e9ation du bureau de repr\u00e9sentation\"><\/figure>\n            <p>Saigon,VIETNAM, cr\u00e9ation du bureau de repr\u00e9sentation<\/p>\n          <\/div>\n                <div class=\"swiper-slide\">\n            <b>2015<\/b>\n            <figure><img src=\"https:\/\/eraiasia.com\/wp-content\/uploads\/2021\/08\/History-3-opt.jpg\" alt=\"Saigon,VIETNAM, Dist 1, ouverture du bureau Erai Asia - Office 45\"><\/figure>\n            <p>Saigon,VIETNAM, Dist 1, ouverture du bureau Erai Asia - Office 45<\/p>\n          <\/div>\n                <div class=\"swiper-slide\">\n            <b>2017<\/b>\n            <figure><img src=\"https:\/\/eraiasia.com\/wp-content\/uploads\/2021\/08\/history-4-opt.jpg\" alt=\"Saigon,VIETNAM, Dist 2, ouverture du bureau Erai Asia - Villa 26\"><\/figure>\n            <p>Saigon,VIETNAM, Dist 2, ouverture du bureau Erai Asia - Villa 26<\/p>\n          <\/div>\n                <div class=\"swiper-slide\">\n            <b>2019<\/b>\n            <figure><img src=\"https:\/\/eraiasia.com\/wp-content\/uploads\/2021\/08\/history-5.jpg\" alt=\"Hong Kong, cr\u00e9ation de la holding ERAI Group\"><\/figure>\n            <p>Hong Kong, cr\u00e9ation de la holding ERAI Group<\/p>\n          <\/div>\n          <\/div>\n  <!-- end swiper-wrapper -->\n  <div class=\"swiper-pagination\"><\/div>\n  <div class=\"controls\">\n    <div class=\"button-prev\"><i class=\"lni lni-arrow-left\"><\/i><\/div>\n    <div class=\"button-next\"><i class=\"lni lni-arrow-right\"><\/i><\/div>\n  <\/div>\n<\/div>\n<\/div><\/div><\/div><\/div><\/div><\/div><\/div><\/div><\/section><section class=\"content-section white-space-bottom\" style=\"background-color: #f7f6f1;\"><div class=\"container\"><div class=\"vc_row wpb_row vc_row-fluid\"><div class=\"wpb_column vc_column_container vc_col-sm-12\"><div class=\"vc_column-inner\"><div class=\"wpb_wrapper\"><div class=\"vc_row wpb_row vc_inner vc_row-fluid\"><div class=\"wpb_column vc_column_container vc_col-sm-12 vc_col-md-7\"><div class=\"vc_column-inner\"><div class=\"wpb_wrapper\">\n\t<div class=\"wpb_text_column wpb_content_element  vc_custom_1624560184553\" >\n\t\t<div class=\"wpb_wrapper\">\n\t\t\t<h2><span style=\"text-decoration: underline #e83d44; font-size: 36pt;\">Nos valeurs<\/span><\/h2>\n\n\t\t<\/div>\n\t<\/div>\n<\/div><\/div><\/div><div class=\"wpb_column vc_column_container vc_col-sm-12 vc_col-md-5\"><div class=\"vc_column-inner\"><div class=\"wpb_wrapper\"><\/div><\/div><\/div><\/div><div class=\"container\"><div class=\"vc_row wpb_row vc_inner vc_row-fluid vc_custom_1626172833726\"><div class=\"wpb_column vc_column_container vc_col-sm-12\"><div class=\"vc_column-inner\"><div class=\"wpb_wrapper\">\n\t<div class=\"wpb_text_column wpb_content_element\" >\n\t\t<div class=\"wpb_wrapper\">\n\t\t\t<p style=\"text-align: justify;\">Chez ERAI Asia, nous nous mettons au d\u00e9fi d'apporter chaque jour le meilleur de nous-m\u00eames \u00e0 nos partenaires. Nous ne vous appelons pas clients mais partenaires car nous sommes impliqu\u00e9s autant que vous dans les projets et voulons r\u00e9ussir ensemble.<\/p>\n<p style=\"text-align: justify;\">Nos valeurs d\u00e9finissent qui nous sommes, ce que nous d\u00e9fendons et comment nous nous comportons. Bien que nous venions d'horizons et de cultures diff\u00e9rents, nos valeurs sont ce que nous avons en commun. Elles guident notre fa\u00e7on de travailler ensemble.<\/p>\n<p style=\"text-align: justify;\">De plus, nous croyons \u00e0 l'\u00e9quilibre vie professionelle\/ personnelle et offrons un environnement de travail convivial o\u00f9 nos collaborateurs sont fiers de leurs r\u00e9alisations, de leur r\u00e9ussite individuelle et collective et de la qualit\u00e9 de leur travail.<\/p>\n\n\t\t<\/div>\n\t<\/div>\n<\/div><\/div><\/div><\/div><\/div><div class=\"vc_row wpb_row vc_inner vc_row-fluid\"><div class=\"wpb_column vc_column_container vc_col-sm-12 vc_col-md-4\"><div class=\"vc_column-inner\"><div class=\"wpb_wrapper\">\n\n\n\n<div class=\"step-box\" >\n\t\n  <figure class=\"image\"> <img src=\"https:\/\/eraiasia.com\/wp-content\/uploads\/2021\/07\/Quality_opt-1.jpg\" alt=\"La qualit\u00e9 avant tout\"> <\/figure>\n\t\n\t<div class=\"content\"> \n\t\t\t\t<span>01.<\/span>\n\t\t \t\t<figure class=\"icon\">\n\t\t<img src=\"https:\/\/eraiasia.com\/wp-content\/uploads\/2021\/07\/icon-serial-snackeuses-black-payment.png\" alt=\"La qualit\u00e9 avant tout\">\n\t\t<\/figure>\n\t\t\n    <h6>La qualit\u00e9 avant tout<\/h6>\n    <p>Nous incarnons cette valeur. Nous nous mettons au d\u00e9fi chaque jour pour fournir le meilleur et aller au-del\u00e0 des vos attentes.<\/p> \n<\/div>\n<\/div>\n<\/div><\/div><\/div><div class=\"wpb_column vc_column_container vc_col-sm-12 vc_col-md-4\"><div class=\"vc_column-inner\"><div class=\"wpb_wrapper\">\n\n\n\n<div class=\"step-box\" >\n\t\n  <figure class=\"image\"> <img src=\"https:\/\/eraiasia.com\/wp-content\/uploads\/2021\/07\/Grow_together_opt-1.jpg\" alt=\"Grandir ensemble\"> <\/figure>\n\t\n\t<div class=\"content\"> \n\t\t\t\t<span>02.<\/span>\n\t\t \t\t<figure class=\"icon\">\n\t\t<img src=\"https:\/\/eraiasia.com\/wp-content\/uploads\/2021\/07\/icon-serial-snackeuses-black-payment.png\" alt=\"Grandir ensemble\">\n\t\t<\/figure>\n\t\t\n    <h6>Grandir ensemble<\/h6>\n    <p>Nous apprenons les uns des autres et avons le m\u00eame objectif. Nos succ\u00e8s sont collectifs et nos \u00e9checs nous rendent plus forts.<\/p> \n<\/div>\n<\/div>\n<\/div><\/div><\/div><div class=\"wpb_column vc_column_container vc_col-sm-12 vc_col-md-4\"><div class=\"vc_column-inner\"><div class=\"wpb_wrapper\">\n\n\n\n<div class=\"step-box\" >\n\t\n  <figure class=\"image\"> <img src=\"https:\/\/eraiasia.com\/wp-content\/uploads\/2021\/07\/passion_opt.jpg\" alt=\"Accomplir avec Passion\"> <\/figure>\n\t\n\t<div class=\"content\"> \n\t\t\t\t<span>03.<\/span>\n\t\t \t\t<figure class=\"icon\">\n\t\t<img src=\"https:\/\/eraiasia.com\/wp-content\/uploads\/2021\/07\/icon-serial-snackeuses-black-payment.png\" alt=\"Accomplir avec Passion\">\n\t\t<\/figure>\n\t\t\n    <h6>Accomplir avec Passion<\/h6>\n    <p>A chaque instant, pour chaque nouveau projet avec la m\u00eame \u00e9nergie, toujours. Nous sommes des gens passionn\u00e9s.<\/p> \n<\/div>\n<\/div>\n<\/div><\/div><\/div><\/div><\/div><\/div><\/div><\/div><\/div><\/section><section class=\"content-section white-space-top bg-image no-spacing\" style=\"background: url(https:\/\/eraiasia.com\/wp-content\/uploads\/2021\/07\/join-us_opt2-1.jpg) center no-repeat; \"><div class=\"container\"><div id=\"contact\" class=\"vc_row wpb_row vc_row-fluid\"><div class=\"wpb_column vc_column_container vc_col-sm-12\"><div class=\"vc_column-inner\"><div class=\"wpb_wrapper\"><div class=\"vc_row wpb_row vc_inner vc_row-fluid\"><div class=\"wpb_column vc_column_container vc_col-sm-12 vc_col-md-8\"><div class=\"vc_column-inner\"><div class=\"wpb_wrapper\">\n\n\n<div class=\"cta-box-yellow\" >\n\t\n\t\t<h4>REJOIGNEZ-NOUS<\/h4>\n\t\n  \t\t<p>- A la recherche de nouveaux d\u00e9fis ?<br \/>\n- Envie d&#039;apporter votre valeur ajout\u00e9e \u00e0 notre organisation ?<br \/>\n- Int\u00e9ress\u00e9(e) \u00e0 faire partie d'une \u00e9quipe qui vit ses valeurs ?<\/p>\n \t\n\t<a href=\"https:\/\/www.careers-page.com\/eraiasia\" class=\"button\">CONSULTER LES OFFRES D'EMPLOI<\/a>\n\t \t\n<\/div>\n<\/div><\/div><\/div><\/div><\/div><\/div><\/div><\/div><\/div><\/section>","protected":false},"excerpt":{"rendered":"Who are we? ERAI Asia prioritizes quality as we believe in strong and long-term partnerships. Each of us strives for better quality and service excellence in every action we take to deliver our best to our partners and clients. We operate in 11 countries with over 150+ business partners by a team of 40+ members [...]","protected":false},"author":1,"featured_media":0,"parent":0,"menu_order":0,"comment_status":"closed","ping_status":"closed","template":"page-builder.php","meta":[],"yst_prominent_words":[],"_links":{"self":[{"href":"https:\/\/eraiasia.com\/fr\/wp-json\/wp\/v2\/pages\/562"}],"collection":[{"href":"https:\/\/eraiasia.com\/fr\/wp-json\/wp\/v2\/pages"}],"about":[{"href":"https:\/\/eraiasia.com\/fr\/wp-json\/wp\/v2\/types\/page"}],"author":[{"embeddable":true,"href":"https:\/\/eraiasia.com\/fr\/wp-json\/wp\/v2\/users\/1"}],"replies":[{"embeddable":true,"href":"https:\/\/eraiasia.com\/fr\/wp-json\/wp\/v2\/comments?post=562"}],"version-history":[{"count":89,"href":"https:\/\/eraiasia.com\/fr\/wp-json\/wp\/v2\/pages\/562\/revisions"}],"predecessor-version":[{"id":1608,"href":"https:\/\/eraiasia.com\/fr\/wp-json\/wp\/v2\/pages\/562\/revisions\/1608"}],"wp:attachment":[{"href":"https:\/\/eraiasia.com\/fr\/wp-json\/wp\/v2\/media?parent=562"}],"wp:term":[{"taxonomy":"yst_prominent_words","embeddable":true,"href":"https:\/\/eraiasia.com\/fr\/wp-json\/wp\/v2\/yst_prominent_words?post=562"}],"curies":[{"name":"wp","href":"https:\/\/api.w.org\/{rel}","templated":true}]}}